{"id":2920,"date":"2014-03-18T10:04:12","date_gmt":"2014-03-18T10:04:12","guid":{"rendered":"https:\/\/3dvisual.ee\/contact\/"},"modified":"2019-11-28T12:54:54","modified_gmt":"2019-11-28T09:54:54","slug":"ota-yhteytta","status":"publish","type":"page","link":"https:\/\/3dvisual.ee\/fi\/ota-yhteytta\/","title":{"rendered":"Contact"},"content":{"rendered":"<div class=\"wpb-content-wrapper\"><p>[vc_row][vc_column]\n\t\t\t<!-- START Scroll Effect1 Fin REVOLUTION SLIDER 6.7.41 --><p class=\"rs-p-wp-fix\"><\/p>\n\t\t\t<rs-module-wrap id=\"rev_slider_80_1_wrapper\" data-source=\"gallery\" style=\"visibility:hidden;background:#111111;padding:0;\">\n\t\t\t\t<rs-module id=\"rev_slider_80_1\" style=\"\" data-version=\"6.7.41\">\n\t\t\t\t\t<rs-slides style=\"overflow: hidden; position: absolute;\">\n\t\t\t\t\t\t<rs-slide style=\"position: absolute;\" data-key=\"rs-205\" data-title=\"HTML5 Video\" data-in=\"x:(100%);e:power4.inOut;\" data-out=\"e:power4.inOut;\">\n\t\t\t\t\t\t\t<img data-recalc-dims=\"1\" decoding=\"async\" src=\"https:\/\/i0.wp.com\/3dvisual.ee\/wp-content\/plugins\/revslider\/sr6\/assets\/assets\/dummy.png?w=1200\" alt=\"\" title=\"Contact\" class=\"rev-slidebg tp-rs-img rs-lazyload\" data-lazyload=\"\/\/3dvisual.ee\/wp-content\/uploads\/revslider\/typing_cover.jpg\" data-parallax=\"10\" data-no-retina>\n\t\t\t\t\t\t\t<rs-bgvideo \n\t\t\t\t\t\t\t\tdata-video=\"w:100%;h:100%;sta:00:04;nse:false;l:loop;ptimer:true;vfc:true;\"\n\t\t\t\t\t\t\t\tdata-mp4=\"\/\/3dvisual.ee\/wp-content\/uploads\/revslider\/typing.mp4\"\n\t\t\t\t\t\t\t><\/rs-bgvideo>\n<!--\n\t\t\t\t\t\t\t--><rs-layer\n\t\t\t\t\t\t\t\tid=\"slider-80-slide-205-layer-1\" \n\t\t\t\t\t\t\t\tclass=\"BigBold-Title\"\n\t\t\t\t\t\t\t\tdata-type=\"text\"\n\t\t\t\t\t\t\t\tdata-color=\"rgba(255,255,255,1)\"\n\t\t\t\t\t\t\t\tdata-rsp_ch=\"on\"\n\t\t\t\t\t\t\t\tdata-xy=\"xo:50px,50px,30px,17px;y:b;yo:110px,110px,180px,160px;\"\n\t\t\t\t\t\t\t\tdata-text=\"w:nowrap,nowrap,nowrap,normal;s:80,60,47,60;l:100,90,60,60;fw:700;\"\n\t\t\t\t\t\t\t\tdata-dim=\"w:auto,auto,auto,400px;\"\n\t\t\t\t\t\t\t\tdata-basealign=\"slide\"\n\t\t\t\t\t\t\t\tdata-rsp_o=\"off\"\n\t\t\t\t\t\t\t\tdata-padding=\"t:10;b:10;\"\n\t\t\t\t\t\t\t\tdata-frame_0=\"y:100%;\"\n\t\t\t\t\t\t\t\tdata-frame_0_mask=\"u:t;y:100%;\"\n\t\t\t\t\t\t\t\tdata-frame_1=\"st:500;sp:1500;\"\n\t\t\t\t\t\t\t\tdata-frame_1_mask=\"u:t;\"\n\t\t\t\t\t\t\t\tdata-frame_999=\"y:100%;e:power2.inOut;st:w;sp:1000;\"\n\t\t\t\t\t\t\t\tdata-frame_999_mask=\"u:t;\"\n\t\t\t\t\t\t\t\tstyle=\"z-index:6;font-family:'Comfortaa';\"\n\t\t\t\t\t\t\t>OLETKO VALMIS ALOITTAMAAN? \n\t\t\t\t\t\t\t<\/rs-layer><!--\n\n\t\t\t\t\t\t\t--><rs-layer\n\t\t\t\t\t\t\t\tid=\"slider-80-slide-205-layer-4\" \n\t\t\t\t\t\t\t\tclass=\"BigBold-SubTitle\"\n\t\t\t\t\t\t\t\tdata-type=\"text\"\n\t\t\t\t\t\t\t\tdata-color=\"#ffcc00||#ffcc00||#ffcc00||rgba(255,255,255,0.50)\"\n\t\t\t\t\t\t\t\tdata-xy=\"xo:55px,55px,33px,20px;y:b;yo:40px,1px,74px,58px;\"\n\t\t\t\t\t\t\t\tdata-text=\"w:normal;s:24,20,15,13;l:24,24,24,20;ls:1px;fw:500;\"\n\t\t\t\t\t\t\t\tdata-dim=\"w:634px,478px,410px,280px;h:60px,100px,100px,100px;\"\n\t\t\t\t\t\t\t\tdata-basealign=\"slide\"\n\t\t\t\t\t\t\t\tdata-rsp_o=\"off\"\n\t\t\t\t\t\t\t\tdata-rsp_bd=\"off\"\n\t\t\t\t\t\t\t\tdata-frame_0=\"y:100%;\"\n\t\t\t\t\t\t\t\tdata-frame_1=\"st:650;sp:1500;\"\n\t\t\t\t\t\t\t\tdata-frame_999=\"y:50px;o:0;e:power2.inOut;st:w;sp:1000;\"\n\t\t\t\t\t\t\t\tstyle=\"z-index:7;font-family:'Comfortaa';\"\n\t\t\t\t\t\t\t>Boost your income whit 3D Visualisation NOW!\n \n\t\t\t\t\t\t\t<\/rs-layer><!--\n\n\t\t\t\t\t\t\t--><rs-layer\n\t\t\t\t\t\t\t\tid=\"slider-80-slide-205-layer-11\" \n\t\t\t\t\t\t\t\tclass=\"tp-shape tp-shapewrapper\"\n\t\t\t\t\t\t\t\tdata-type=\"shape\"\n\t\t\t\t\t\t\t\tdata-xy=\"x:c;y:b;\"\n\t\t\t\t\t\t\t\tdata-text=\"fw:800;\"\n\t\t\t\t\t\t\t\tdata-dim=\"w:100%;h:400px,400px,400px,550px;\"\n\t\t\t\t\t\t\t\tdata-basealign=\"slide\"\n\t\t\t\t\t\t\t\tdata-rsp_o=\"off\"\n\t\t\t\t\t\t\t\tdata-rsp_bd=\"off\"\n\t\t\t\t\t\t\t\tdata-frame_1=\"e:power2.inOut;sp:1500;\"\n\t\t\t\t\t\t\t\tdata-frame_999=\"o:0;e:nothing;st:w;sp:1000;\"\n\t\t\t\t\t\t\t\tstyle=\"z-index:5;background-color:rgba(0,0,0,0.50);background:linear-gradient(to bottom, rgba(0,0,0,0) 0%,rgba(0,0,0,0.45) 100%);\"\n\t\t\t\t\t\t\t> \n\t\t\t\t\t\t\t<\/rs-layer><!--\n-->\t\t\t\t\t<\/rs-slide>\n\t\t\t\t\t<\/rs-slides>\n\t\t\t\t<\/rs-module>\n\t\t\t\t<script data-jetpack-boost=\"ignore\">\n\t\t\t\t\tsetREVStartSize({c: 'rev_slider_80_1',rl:[1240,1024,778,480],el:[868,768,960,720],gw:[1240,1024,778,480],gh:[868,768,960,720],type:'standard',justify:'',layout:'fullscreen',offsetContainer:'',offset:'60px',mh:\"0\"});if (window.RS_MODULES!==undefined && window.RS_MODULES.modules!==undefined && window.RS_MODULES.modules[\"revslider801\"]!==undefined) {window.RS_MODULES.modules[\"revslider801\"].once = false;window.revapi80 = undefined;if (window.RS_MODULES.checkMinimal!==undefined) window.RS_MODULES.checkMinimal()}\n\t\t\t\t<\/script>\n\t\t\t<\/rs-module-wrap>\n\t\t\t<!-- END REVOLUTION SLIDER -->\n[\/vc_column][\/vc_row][vc_row type=&#8221;vc_default&#8221; margin_top=&#8221;0&#8243; margin_bottom=&#8221;-35&#8243; css=&#8221;.vc_custom_1490283281186{margin-top: 70px !important;margin-bottom: 20px !important;}&#8221;][vc_column offset=&#8221;vc_col-lg-6 vc_col-md-5 vc_col-xs-12&#8243; css=&#8221;.vc_custom_1475919773120{padding-bottom: 50px !important;}&#8221;]<div id=\"ultimate-heading-919869df0f980802b\" class=\"uvc-heading ult-adjust-bottom-margin ultimate-heading-919869df0f980802b uvc-8003 accent-border-color\" data-hspacer=\"line_only\"  data-halign=\"left\" style=\"text-align:left\"><div class=\"uvc-main-heading ult-responsive\"  data-ultimate-target='.uvc-heading.ultimate-heading-919869df0f980802b h2'  data-responsive-json-new='{\"font-size\":\"desktop:26px;\",\"line-height\":\"desktop:36px;\"}' ><h2 style=\"font-family:&#039;Roboto&#039;;font-weight:900;margin-bottom:10px;\">Ota yhteytt\u00e4<\/h2><\/div><div class=\"uvc-heading-spacer line_only\" style=\"margin-bottom:45px;height:3px;\"><span class=\"uvc-headings-line\" style=\"border-style:solid;border-bottom-width:3px;border-color:#ccc;width:70px;\"><\/span><\/div><\/div>[vc_column_text css=&#8221;.vc_custom_1509048858050{padding-bottom: 45px !important;}&#8221;][\/vc_column_text]\n<div class=\"wpcf7 no-js\" id=\"wpcf7-f4343-o1\" lang=\"en-US\" dir=\"ltr\" data-wpcf7-id=\"4343\">\n<div class=\"screen-reader-response\"><p role=\"status\" aria-live=\"polite\" aria-atomic=\"true\"><\/p> <ul><\/ul><\/div>\n<form action=\"\/fi\/wp-json\/wp\/v2\/pages\/2920#wpcf7-f4343-o1\" method=\"post\" class=\"wpcf7-form init\" aria-label=\"Contact form\" novalidate=\"novalidate\" data-status=\"init\">\n<fieldset class=\"hidden-fields-container\"><input type=\"hidden\" name=\"_wpcf7\" value=\"4343\" \/><input type=\"hidden\" name=\"_wpcf7_version\" value=\"6.1.5\" \/><input type=\"hidden\" name=\"_wpcf7_locale\" value=\"en_US\" \/><input type=\"hidden\" name=\"_wpcf7_unit_tag\" value=\"wpcf7-f4343-o1\" \/><input type=\"hidden\" name=\"_wpcf7_container_post\" value=\"0\" \/><input type=\"hidden\" name=\"_wpcf7_posted_data_hash\" value=\"\" \/><input type=\"hidden\" name=\"_wpcf7_recaptcha_response\" value=\"\" \/>\n<\/fieldset>\n<p><label> Nimi<br \/>\n<span class=\"wpcf7-form-control-wrap\" data-name=\"your-name\"><input size=\"40\" maxlength=\"400\" class=\"wpcf7-form-control wpcf7-text wpcf7-validates-as-required\" aria-required=\"true\" aria-invalid=\"false\" value=\"\" type=\"text\" name=\"your-name\" \/><\/span> <\/label>\n<\/p>\n<p><label> Email<br \/>\n<span class=\"wpcf7-form-control-wrap\" data-name=\"your-email\"><input size=\"40\" maxlength=\"400\" class=\"wpcf7-form-control wpcf7-email wpcf7-validates-as-required wpcf7-text wpcf7-validates-as-email\" aria-required=\"true\" aria-invalid=\"false\" value=\"\" type=\"email\" name=\"your-email\" \/><\/span> <\/label>\n<\/p>\n<p><label> Puhelin<br \/>\n<span class=\"wpcf7-form-control-wrap\" data-name=\"your-subject\"><input size=\"40\" maxlength=\"400\" class=\"wpcf7-form-control wpcf7-text\" aria-invalid=\"false\" value=\"\" type=\"text\" name=\"your-subject\" \/><\/span> <\/label>\n<\/p>\n<p><label> Viesti<br \/>\n<span class=\"wpcf7-form-control-wrap\" data-name=\"your-message\"><textarea cols=\"40\" rows=\"10\" maxlength=\"2000\" class=\"wpcf7-form-control wpcf7-textarea\" aria-invalid=\"false\" name=\"your-message\"><\/textarea><\/span> <\/label>\n<\/p>\n<p><input class=\"wpcf7-form-control wpcf7-submit has-spinner\" type=\"submit\" value=\"L\u00e4heta viesti\" \/>\n<\/p><p style=\"display: none !important;\" class=\"akismet-fields-container\" data-prefix=\"_wpcf7_ak_\"><label>&#916;<textarea name=\"_wpcf7_ak_hp_textarea\" cols=\"45\" rows=\"8\" maxlength=\"100\"><\/textarea><\/label><input type=\"hidden\" id=\"ak_js_1\" name=\"_wpcf7_ak_js\" value=\"2\"\/><script>document.getElementById( \"ak_js_1\" ).setAttribute( \"value\", ( new Date() ).getTime() );<\/script><\/p><div class=\"wpcf7-response-output\" aria-hidden=\"true\"><\/div>\n<\/form>\n<\/div>\n[\/vc_column][vc_column offset=&#8221;vc_col-lg-6 vc_col-md-7 vc_col-xs-12&#8243; css=&#8221;.vc_custom_1490283964083{padding-bottom: 40px !important;}&#8221;]<div id=\"ultimate-heading-624469df0f9808576\" class=\"uvc-heading ult-adjust-bottom-margin ultimate-heading-624469df0f9808576 uvc-2924 accent-border-color\" data-hspacer=\"line_only\"  data-halign=\"left\" style=\"text-align:left\"><div class=\"uvc-main-heading ult-responsive\"  data-ultimate-target='.uvc-heading.ultimate-heading-624469df0f9808576 h2'  data-responsive-json-new='{\"font-size\":\"desktop:26px;\",\"line-height\":\"desktop:36px;\"}' ><h2 style=\"font-family:&#039;Roboto&#039;;font-weight:900;margin-bottom:10px;\">Yhtestiedot<\/h2><\/div><div class=\"uvc-heading-spacer line_only\" style=\"margin-bottom:55px;height:3px;\"><span class=\"uvc-headings-line\" style=\"border-style:solid;border-bottom-width:3px;border-color:#ccc;width:70px;\"><\/span><\/div><\/div>[vc_row_inner equal_height=&#8221;yes&#8221; css=&#8221;.vc_custom_1490283625740{padding-top: 10px !important;padding-right: 15px !important;padding-left: 15px !important;}&#8221;][vc_column_inner width=&#8221;1\/2&#8243; css=&#8221;.vc_custom_1490283688049{margin-top: 0px !important;margin-right: 0px !important;margin-bottom: 0px !important;margin-left: 0px !important;padding-top: 0px !important;padding-right: 10px !important;padding-bottom: 30px !important;padding-left: 10px !important;}&#8221;]<div class=\"aio-icon-component  vc_custom_1509433245057  accent-icon-color style_1\"><div id=\"Info-box-wrap-7658\" class=\"aio-icon-box left-icon\" style=\"\"  ><div class=\"aio-icon-left\"><div class=\"ult-just-icon-wrapper  \"><div class=\"align-icon\" style=\"text-align:center;\">\n<div class=\"aio-icon none \"  style=\"color:#ffffff;font-size:18px;display:inline-block;\">\n\t<i class=\"icomoon-icomoonfree-16x16-office\"><\/i>\n<\/div><\/div><\/div><\/div><div class=\"aio-ibd-block\"><div class=\"aio-icon-description ult-responsive\"  data-ultimate-target='#Info-box-wrap-7658 .aio-icon-description'  data-responsive-json-new='{\"font-size\":\"\",\"line-height\":\"\"}'  style=\"\"><\/p>\n<h3>Kadaka tee 7<br \/>\nTallinn, Estonia<\/h3>\n<p><\/div> <!-- description --><\/div> <!-- aio-ibd-block --><\/div> <!-- aio-icon-box --><\/div> <!-- aio-icon-component -->[\/vc_column_inner][vc_column_inner width=&#8221;1\/2&#8243; css=&#8221;.vc_custom_1490283696108{margin-top: 0px !important;margin-right: 0px !important;margin-bottom: 0px !important;margin-left: 0px !important;padding-top: 0px !important;padding-right: 10px !important;padding-bottom: 30px !important;padding-left: 10px !important;}&#8221;]<div class=\"aio-icon-component  vc_custom_1509433279727  accent-icon-color style_1\"><div id=\"Info-box-wrap-1176\" class=\"aio-icon-box left-icon\" style=\"\"  ><div class=\"aio-icon-left\"><div class=\"ult-just-icon-wrapper  \"><div class=\"align-icon\" style=\"text-align:center;\">\n<div class=\"aio-icon none \"  style=\"color:#aaaaaa;font-size:18px;display:inline-block;\">\n\t<i class=\"icomoon-icomoonfree-16x16-mobile\"><\/i>\n<\/div><\/div><\/div><\/div><div class=\"aio-ibd-block\"><div class=\"aio-icon-description ult-responsive\"  data-ultimate-target='#Info-box-wrap-1176 .aio-icon-description'  data-responsive-json-new='{\"font-size\":\"\",\"line-height\":\"\"}'  style=\"\"><\/p>\n<h3>+372 511 8337<\/h3>\n<p><\/div> <!-- description --><\/div> <!-- aio-ibd-block --><\/div> <!-- aio-icon-box --><\/div> <!-- aio-icon-component -->[\/vc_column_inner][vc_column_inner width=&#8221;1\/2&#8243; css=&#8221;.vc_custom_1490283700212{margin-top: 0px !important;margin-right: 0px !important;margin-bottom: 0px !important;margin-left: 0px !important;padding-top: 0px !important;padding-right: 10px !important;padding-bottom: 30px !important;padding-left: 10px !important;}&#8221;]<div class=\"aio-icon-component  vc_custom_1511559615700  accent-icon-color style_1\"><div id=\"Info-box-wrap-4024\" class=\"aio-icon-box left-icon\" style=\"\"  ><div class=\"aio-icon-left\"><div class=\"ult-just-icon-wrapper  \"><div class=\"align-icon\" style=\"text-align:center;\">\n<div class=\"aio-icon none \"  style=\"color:#aaaaaa;font-size:18px;display:inline-block;\">\n\t<i class=\"icomoon-icomoonfree-16x16-pencil2\"><\/i>\n<\/div><\/div><\/div><\/div><div class=\"aio-ibd-block\"><div class=\"aio-icon-description ult-responsive\"  data-ultimate-target='#Info-box-wrap-4024 .aio-icon-description'  data-responsive-json-new='{\"font-size\":\"\",\"line-height\":\"\"}'  style=\"\"><\/p>\n<h3><a href=\"mailto:info@3dvisual.ee\">info@3dvisual.ee<\/a><\/h3>\n<p><\/div> <!-- description --><\/div> <!-- aio-ibd-block --><\/div> <!-- aio-icon-box --><\/div> <!-- aio-icon-component -->[\/vc_column_inner][\/vc_row_inner][\/vc_column][\/vc_row]<\/p>\n<\/div>","protected":false},"excerpt":{"rendered":"<p>[vc_row][vc_column][\/vc_column][\/vc_row][vc_row type=&#8221;vc_default&#8221; margin_top=&#8221;0&#8243; margin_bottom=&#8221;-35&#8243; css=&#8221;.vc_custom_1490283281186{margin-top: 70px !important;margin-bottom: 20px !important;}&#8221;][vc_column offset=&#8221;vc_col-lg-6 vc_col-md-5 vc_col-xs-12&#8243; css=&#8221;.vc_custom_1475919773120{padding-bottom: 50px !important;}&#8221;][vc_column_text css=&#8221;.vc_custom_1509048858050{padding-bottom: 45px !important;}&#8221;][\/vc_column_text][\/vc_column][vc_column offset=&#8221;vc_col-lg-6 vc_col-md-7 vc_col-xs-12&#8243; css=&#8221;.vc_custom_1490283964083{padding-bottom: 40px !important;}&#8221;][vc_row_inner equal_height=&#8221;yes&#8221; css=&#8221;.vc_custom_1490283625740{padding-top: 10px !important;padding-right: 15px !important;padding-left: 15px !important;}&#8221;][vc_column_inner width=&#8221;1\/2&#8243; css=&#8221;.vc_custom_1490283688049{margin-top: 0px !important;margin-right: 0px !important;margin-bottom: 0px !important;margin-left: 0px !important;padding-top: 0px !important;padding-right: 10px !important;padding-bottom: 30px !important;padding-left: 10px !important;}&#8221;][\/vc_column_inner][vc_column_inner width=&#8221;1\/2&#8243; css=&#8221;.vc_custom_1490283696108{margin-top: 0px !important;margin-right: 0px&hellip;<\/p>\n","protected":false},"author":1,"featured_media":0,"parent":0,"menu_order":60,"comment_status":"closed","ping_status":"closed","template":"","meta":{"_exactmetrics_skip_tracking":false,"_exactmetrics_sitenote_active":false,"_exactmetrics_sitenote_note":"","_exactmetrics_sitenote_category":0,"footnotes":""},"class_list":["post-2920","page","type-page","status-publish","hentry","description-off"],"aioseo_notices":[],"yoast_head":"<!-- This site is optimized with the Yoast SEO plugin v27.1.1 - https:\/\/yoast.com\/product\/yoast-seo-wordpress\/ -->\n<title>Ota yhteytt\u00e4 ja kerromme lis\u00e4\u00e4, mik\u00e4 on 3D-tilaesittely ja 3D-virtualesittely<\/title>\n<meta name=\"description\" content=\"OLETKO VALMIS ALOITTAMAAN? Boost your income whit 3D Visualisation NOW!\" \/>\n<meta name=\"robots\" content=\"index, follow, max-snippet:-1, max-image-preview:large, max-video-preview:-1\" \/>\n<link rel=\"canonical\" href=\"https:\/\/3dvisual.ee\/fi\/ota-yhteytta\/\" \/>\n<meta property=\"og:locale\" content=\"fi_FI\" \/>\n<meta property=\"og:type\" content=\"article\" \/>\n<meta property=\"og:title\" content=\"Ota yhteytt\u00e4 ja kerromme lis\u00e4\u00e4, mik\u00e4 on 3D-tilaesittely ja 3D-virtualesittely\" \/>\n<meta property=\"og:description\" content=\"OLETKO VALMIS ALOITTAMAAN? Boost your income whit 3D Visualisation NOW!\" \/>\n<meta property=\"og:url\" content=\"https:\/\/3dvisual.ee\/fi\/ota-yhteytta\/\" \/>\n<meta property=\"og:site_name\" content=\"3D Visual.ee\" \/>\n<meta property=\"article:publisher\" content=\"https:\/\/www.facebook.com\/3dvisual.ee\/\" \/>\n<meta property=\"article:modified_time\" content=\"2019-11-28T09:54:54+00:00\" \/>\n<meta name=\"twitter:card\" content=\"summary_large_image\" \/>\n<meta name=\"twitter:label1\" content=\"Est. reading time\" \/>\n\t<meta name=\"twitter:data1\" content=\"2 minutes\" \/>\n<script type=\"application\/ld+json\" class=\"yoast-schema-graph\">{\"@context\":\"https:\/\/schema.org\",\"@graph\":[{\"@type\":\"WebPage\",\"@id\":\"https:\/\/3dvisual.ee\/fi\/ota-yhteytta\/\",\"url\":\"https:\/\/3dvisual.ee\/fi\/ota-yhteytta\/\",\"name\":\"Ota yhteytt\u00e4 ja kerromme lis\u00e4\u00e4, mik\u00e4 on 3D-tilaesittely ja 3D-virtualesittely\",\"isPartOf\":{\"@id\":\"https:\/\/3dvisual.ee\/ru\/#website\"},\"datePublished\":\"2014-03-18T10:04:12+00:00\",\"dateModified\":\"2019-11-28T09:54:54+00:00\",\"description\":\"OLETKO VALMIS ALOITTAMAAN? Boost your income whit 3D Visualisation NOW!\",\"breadcrumb\":{\"@id\":\"https:\/\/3dvisual.ee\/fi\/ota-yhteytta\/#breadcrumb\"},\"inLanguage\":\"fi\",\"potentialAction\":[{\"@type\":\"ReadAction\",\"target\":[\"https:\/\/3dvisual.ee\/fi\/ota-yhteytta\/\"]}]},{\"@type\":\"BreadcrumbList\",\"@id\":\"https:\/\/3dvisual.ee\/fi\/ota-yhteytta\/#breadcrumb\",\"itemListElement\":[{\"@type\":\"ListItem\",\"position\":1,\"name\":\"Home\",\"item\":\"https:\/\/3dvisual.ee\/fi\/\"},{\"@type\":\"ListItem\",\"position\":2,\"name\":\"Contact\"}]},{\"@type\":\"WebSite\",\"@id\":\"https:\/\/3dvisual.ee\/ru\/#website\",\"url\":\"https:\/\/3dvisual.ee\/ru\/\",\"name\":\"3D Visual.ee\",\"description\":\"\",\"publisher\":{\"@id\":\"https:\/\/3dvisual.ee\/ru\/#organization\"},\"potentialAction\":[{\"@type\":\"SearchAction\",\"target\":{\"@type\":\"EntryPoint\",\"urlTemplate\":\"https:\/\/3dvisual.ee\/ru\/?s={search_term_string}\"},\"query-input\":{\"@type\":\"PropertyValueSpecification\",\"valueRequired\":true,\"valueName\":\"search_term_string\"}}],\"inLanguage\":\"fi\"},{\"@type\":\"Organization\",\"@id\":\"https:\/\/3dvisual.ee\/ru\/#organization\",\"name\":\"3DVisual\",\"url\":\"https:\/\/3dvisual.ee\/ru\/\",\"logo\":{\"@type\":\"ImageObject\",\"inLanguage\":\"fi\",\"@id\":\"https:\/\/3dvisual.ee\/ru\/#\/schema\/logo\/image\/\",\"url\":\"https:\/\/3dvisual.ee\/wp-content\/uploads\/2017\/10\/876-ilma-kirjata-3.png\",\"contentUrl\":\"https:\/\/3dvisual.ee\/wp-content\/uploads\/2017\/10\/876-ilma-kirjata-3.png\",\"width\":693,\"height\":780,\"caption\":\"3DVisual\"},\"image\":{\"@id\":\"https:\/\/3dvisual.ee\/ru\/#\/schema\/logo\/image\/\"},\"sameAs\":[\"https:\/\/www.facebook.com\/3dvisual.ee\/\"]}]}<\/script>\n<!-- \/ Yoast SEO plugin. -->","yoast_head_json":{"title":"Ota yhteytt\u00e4 ja kerromme lis\u00e4\u00e4, mik\u00e4 on 3D-tilaesittely ja 3D-virtualesittely","description":"OLETKO VALMIS ALOITTAMAAN? Boost your income whit 3D Visualisation NOW!","robots":{"index":"index","follow":"follow","max-snippet":"max-snippet:-1","max-image-preview":"max-image-preview:large","max-video-preview":"max-video-preview:-1"},"canonical":"https:\/\/3dvisual.ee\/fi\/ota-yhteytta\/","og_locale":"fi_FI","og_type":"article","og_title":"Ota yhteytt\u00e4 ja kerromme lis\u00e4\u00e4, mik\u00e4 on 3D-tilaesittely ja 3D-virtualesittely","og_description":"OLETKO VALMIS ALOITTAMAAN? Boost your income whit 3D Visualisation NOW!","og_url":"https:\/\/3dvisual.ee\/fi\/ota-yhteytta\/","og_site_name":"3D Visual.ee","article_publisher":"https:\/\/www.facebook.com\/3dvisual.ee\/","article_modified_time":"2019-11-28T09:54:54+00:00","twitter_card":"summary_large_image","twitter_misc":{"Est. reading time":"2 minutes"},"schema":{"@context":"https:\/\/schema.org","@graph":[{"@type":"WebPage","@id":"https:\/\/3dvisual.ee\/fi\/ota-yhteytta\/","url":"https:\/\/3dvisual.ee\/fi\/ota-yhteytta\/","name":"Ota yhteytt\u00e4 ja kerromme lis\u00e4\u00e4, mik\u00e4 on 3D-tilaesittely ja 3D-virtualesittely","isPartOf":{"@id":"https:\/\/3dvisual.ee\/ru\/#website"},"datePublished":"2014-03-18T10:04:12+00:00","dateModified":"2019-11-28T09:54:54+00:00","description":"OLETKO VALMIS ALOITTAMAAN? Boost your income whit 3D Visualisation NOW!","breadcrumb":{"@id":"https:\/\/3dvisual.ee\/fi\/ota-yhteytta\/#breadcrumb"},"inLanguage":"fi","potentialAction":[{"@type":"ReadAction","target":["https:\/\/3dvisual.ee\/fi\/ota-yhteytta\/"]}]},{"@type":"BreadcrumbList","@id":"https:\/\/3dvisual.ee\/fi\/ota-yhteytta\/#breadcrumb","itemListElement":[{"@type":"ListItem","position":1,"name":"Home","item":"https:\/\/3dvisual.ee\/fi\/"},{"@type":"ListItem","position":2,"name":"Contact"}]},{"@type":"WebSite","@id":"https:\/\/3dvisual.ee\/ru\/#website","url":"https:\/\/3dvisual.ee\/ru\/","name":"3D Visual.ee","description":"","publisher":{"@id":"https:\/\/3dvisual.ee\/ru\/#organization"},"potentialAction":[{"@type":"SearchAction","target":{"@type":"EntryPoint","urlTemplate":"https:\/\/3dvisual.ee\/ru\/?s={search_term_string}"},"query-input":{"@type":"PropertyValueSpecification","valueRequired":true,"valueName":"search_term_string"}}],"inLanguage":"fi"},{"@type":"Organization","@id":"https:\/\/3dvisual.ee\/ru\/#organization","name":"3DVisual","url":"https:\/\/3dvisual.ee\/ru\/","logo":{"@type":"ImageObject","inLanguage":"fi","@id":"https:\/\/3dvisual.ee\/ru\/#\/schema\/logo\/image\/","url":"https:\/\/3dvisual.ee\/wp-content\/uploads\/2017\/10\/876-ilma-kirjata-3.png","contentUrl":"https:\/\/3dvisual.ee\/wp-content\/uploads\/2017\/10\/876-ilma-kirjata-3.png","width":693,"height":780,"caption":"3DVisual"},"image":{"@id":"https:\/\/3dvisual.ee\/ru\/#\/schema\/logo\/image\/"},"sameAs":["https:\/\/www.facebook.com\/3dvisual.ee\/"]}]}},"jetpack_sharing_enabled":true,"_links":{"self":[{"href":"https:\/\/3dvisual.ee\/fi\/wp-json\/wp\/v2\/pages\/2920","targetHints":{"allow":["GET"]}}],"collection":[{"href":"https:\/\/3dvisual.ee\/fi\/wp-json\/wp\/v2\/pages"}],"about":[{"href":"https:\/\/3dvisual.ee\/fi\/wp-json\/wp\/v2\/types\/page"}],"author":[{"embeddable":true,"href":"https:\/\/3dvisual.ee\/fi\/wp-json\/wp\/v2\/users\/1"}],"replies":[{"embeddable":true,"href":"https:\/\/3dvisual.ee\/fi\/wp-json\/wp\/v2\/comments?post=2920"}],"version-history":[{"count":0,"href":"https:\/\/3dvisual.ee\/fi\/wp-json\/wp\/v2\/pages\/2920\/revisions"}],"wp:attachment":[{"href":"https:\/\/3dvisual.ee\/fi\/wp-json\/wp\/v2\/media?parent=2920"}],"curies":[{"name":"wp","href":"https:\/\/api.w.org\/{rel}","templated":true}]}}